{"id":190436,"date":"2026-04-18T00:56:03","date_gmt":"2026-04-18T00:56:03","guid":{"rendered":"https:\/\/zdrowieapteka.pl\/katalog\/produkt\/actigra-forte-50mg2-tabl-powl"},"modified":"2026-04-18T00:56:03","modified_gmt":"2026-04-18T00:56:03","slug":"actigra-forte-50mg2-tabl-powl","status":"publish","type":"product","link":"https:\/\/zdrowieapteka.pl\/katalog\/produkt\/actigra-forte-50mg2-tabl-powl","title":{"rendered":"ACTIGRA FORTE 50MG*2 TABL.POWL."},"content":{"rendered":"<div style=\"margin:15px 0;\">\n\tPrzed u\u017cyciem zapoznaj si\u0119 z ulotk\u0105, kt\u00f3ra zawiera wskazania, przeciwwskazania, dane dotycz\u0105ce dzia\u0142a\u0144 niepo\u017c\u0105danych i dawkowanie oraz informacje dotycz\u0105ce stosowania produktu leczniczego, b\u0105d\u017a skonsultuj si\u0119 z lekarzem lub farmaceut\u0105, gdy\u017c ka\u017cdy lek niew\u0142a\u015bciwie stosowany zagra\u017ca Twojemu \u017cyciu lub zdrowiu.<\/p>\n<\/div>\n<table class=\"table descriptiontable\">\n<tr>\n<td>PKWIU<\/td>\n<td>&#8211;<\/td>\n<\/tr>\n<tr>\n<td>Rodzaj<\/td>\n<td>Lek OTC<\/td>\n<\/tr>\n<tr>\n<td>EAN<\/td>\n<td> <\/td>\n<\/tr>\n<tr>\n<td>BLOZ_07<\/td>\n<td>3825561<\/td>\n<\/tr>\n<\/table>\n","protected":false},"excerpt":{"rendered":"<p>Przed u\u017cyciem zapoznaj si\u0119 z ulotk\u0105, kt\u00f3ra zawiera wskazania, przeciwwskazania, dane dotycz\u0105ce dzia\u0142a\u0144 niepo\u017c\u0105danych i dawkowanie oraz informacje dotycz\u0105ce stosowania produktu leczniczego, b\u0105d\u017a skonsultuj si\u0119 z lekarzem lub farmaceut\u0105, gdy\u017c ka\u017cdy lek niew\u0142a\u015bciwie stosowany zagra\u017ca Twojemu \u017cyciu lub zdrowiu. PKWIU &#8211; Rodzaj Lek OTC EAN BLOZ_07 3825561<\/p>\n","protected":false},"featured_media":0,"comment_status":"closed","ping_status":"open","template":"","meta":{"site-sidebar-layout":"default","site-content-layout":"","ast-site-content-layout":"default","site-content-style":"default","site-sidebar-style":"default","ast-global-header-display":"","ast-banner-title-visibility":"","ast-main-header-display":"","ast-hfb-above-header-display":"","ast-hfb-below-header-display":"","ast-hfb-mobile-header-display":"","site-post-title":"","ast-breadcrumbs-content":"","ast-featured-img":"","footer-sml-layout":"","ast-disable-related-posts":"","theme-transparent-header-meta":"","adv-header-id-meta":"","stick-header-meta":"","header-above-stick-meta":"","header-main-stick-meta":"","header-below-stick-meta":"","astra-migrate-meta-layouts":"default","ast-page-background-enabled":"default","ast-page-background-meta":{"desktop":{"background-color":"","background-image":"","background-repeat":"repeat","background-position":"center center","background-size":"auto","background-attachment":"scroll","background-type":"","background-media":"","overlay-type":"","overlay-color":"","overlay-opacity":"","overlay-gradient":""},"tablet":{"background-color":"","background-image":"","background-repeat":"repeat","background-position":"center center","background-size":"auto","background-attachment":"scroll","background-type":"","background-media":"","overlay-type":"","overlay-color":"","overlay-opacity":"","overlay-gradient":""},"mobile":{"background-color":"","background-image":"","background-repeat":"repeat","background-position":"center center","background-size":"auto","background-attachment":"scroll","background-type":"","background-media":"","overlay-type":"","overlay-color":"","overlay-opacity":"","overlay-gradient":""}},"ast-content-background-meta":{"desktop":{"background-color":"var(--ast-global-color-5)","background-image":"","background-repeat":"repeat","background-position":"center center","background-size":"auto","background-attachment":"scroll","background-type":"","background-media":"","overlay-type":"","overlay-color":"","overlay-opacity":"","overlay-gradient":""},"tablet":{"background-color":"var(--ast-global-color-5)","background-image":"","background-repeat":"repeat","background-position":"center center","background-size":"auto","background-attachment":"scroll","background-type":"","background-media":"","overlay-type":"","overlay-color":"","overlay-opacity":"","overlay-gradient":""},"mobile":{"background-color":"var(--ast-global-color-5)","background-image":"","background-repeat":"repeat","background-position":"center center","background-size":"auto","background-attachment":"scroll","background-type":"","background-media":"","overlay-type":"","overlay-color":"","overlay-opacity":"","overlay-gradient":""}}},"pwb-brand":[],"product_brand":[],"product_cat":[240],"product_tag":[],"class_list":{"0":"post-190436","1":"product","2":"type-product","3":"status-publish","5":"product_cat-produkty-a-z","6":"desktop-align-center","7":"tablet-align-center","8":"mobile-align-center","10":"first","11":"instock","12":"product-type-external"},"brands":[],"_links":{"self":[{"href":"https:\/\/zdrowieapteka.pl\/katalog\/wp-json\/wp\/v2\/product\/190436","targetHints":{"allow":["GET"]}}],"collection":[{"href":"https:\/\/zdrowieapteka.pl\/katalog\/wp-json\/wp\/v2\/product"}],"about":[{"href":"https:\/\/zdrowieapteka.pl\/katalog\/wp-json\/wp\/v2\/types\/product"}],"replies":[{"embeddable":true,"href":"https:\/\/zdrowieapteka.pl\/katalog\/wp-json\/wp\/v2\/comments?post=190436"}],"wp:attachment":[{"href":"https:\/\/zdrowieapteka.pl\/katalog\/wp-json\/wp\/v2\/media?parent=190436"}],"wp:term":[{"taxonomy":"pwb-brand","embeddable":true,"href":"https:\/\/zdrowieapteka.pl\/katalog\/wp-json\/wp\/v2\/pwb-brand?post=190436"},{"taxonomy":"product_brand","embeddable":true,"href":"https:\/\/zdrowieapteka.pl\/katalog\/wp-json\/wp\/v2\/product_brand?post=190436"},{"taxonomy":"product_cat","embeddable":true,"href":"https:\/\/zdrowieapteka.pl\/katalog\/wp-json\/wp\/v2\/product_cat?post=190436"},{"taxonomy":"product_tag","embeddable":true,"href":"https:\/\/zdrowieapteka.pl\/katalog\/wp-json\/wp\/v2\/product_tag?post=190436"}],"curies":[{"name":"wp","href":"https:\/\/api.w.org\/{rel}","templated":true}]}}